{"id":3200,"date":"2023-06-12T18:08:08","date_gmt":"2023-06-12T16:08:08","guid":{"rendered":"https:\/\/bioextra.eu\/unsere-marken\/"},"modified":"2023-10-03T19:34:46","modified_gmt":"2023-10-03T17:34:46","slug":"unsere-marken","status":"publish","type":"page","link":"https:\/\/bioextra.eu\/de\/unsere-marken\/","title":{"rendered":"Unsere Marken"},"content":{"rendered":"\t\t<div data-elementor-type=\"wp-page\" data-elementor-id=\"3200\" class=\"elementor elementor-3200 elementor-1870\" data-elementor-post-type=\"page\">\n\t\t\t\t\t\t<section class=\"elementor-section elementor-top-section elementor-element elementor-element-c8a9dcd elementor-section-boxed elementor-section-height-default elementor-section-height-default\" data-id=\"c8a9dcd\" data-element_type=\"section\" data-e-type=\"section\" data-settings=\"{&quot;background_background&quot;:&quot;classic&quot;}\">\n\t\t\t\t\t\t<div class=\"elementor-container elementor-column-gap-default\">\n\t\t\t\t\t<div class=\"elementor-column elementor-col-100 elementor-top-column elementor-element elementor-element-2847d53\" data-id=\"2847d53\" data-element_type=\"column\" data-e-type=\"column\">\n\t\t\t<div class=\"elementor-widget-wrap elementor-element-populated\">\n\t\t\t\t\t\t<div class=\"elementor-element elementor-element-f998720 elementor--h-position-center elementor--v-position-middle elementor-arrows-position-inside elementor-pagination-position-inside elementor-widget elementor-widget-slides\" data-id=\"f998720\" data-element_type=\"widget\" data-e-type=\"widget\" data-settings=\"{&quot;navigation&quot;:&quot;both&quot;,&quot;autoplay&quot;:&quot;yes&quot;,&quot;pause_on_hover&quot;:&quot;yes&quot;,&quot;pause_on_interaction&quot;:&quot;yes&quot;,&quot;autoplay_speed&quot;:5000,&quot;infinite&quot;:&quot;yes&quot;,&quot;transition&quot;:&quot;slide&quot;,&quot;transition_speed&quot;:500}\" data-widget_type=\"slides.default\">\n\t\t\t\t<div class=\"elementor-widget-container\">\n\t\t\t\t\t\t\t\t\t<div class=\"elementor-swiper\">\n\t\t\t\t\t<div class=\"elementor-slides-wrapper elementor-main-swiper swiper\" role=\"region\" aria-roledescription=\"carousel\" aria-label=\"Slider\" dir=\"ltr\" data-animation=\"fadeInUp\">\n\t\t\t\t<div class=\"swiper-wrapper elementor-slides\">\n\t\t\t\t\t\t\t\t\t\t<div class=\"elementor-repeater-item-28a1e3d swiper-slide\" role=\"group\" aria-roledescription=\"slide\"><div class=\"swiper-slide-bg\" role=\"img\" aria-label=\"Csoportke\u0301p - E\u0301trend-kiege\u0301szi\u0301to\u030bk\"><\/div><div class=\"swiper-slide-inner\" ><div class=\"swiper-slide-contents\"><div class=\"elementor-slide-heading\">UNSERE MARKEN<\/div><\/div><\/div><\/div><div class=\"elementor-repeater-item-fdd011e swiper-slide\" role=\"group\" aria-roledescription=\"slide\"><div class=\"swiper-slide-bg\" role=\"img\" aria-label=\"Csoportke\u0301p - Cseppek\"><\/div><div class=\"swiper-slide-inner\" ><div class=\"swiper-slide-contents\"><div class=\"elementor-slide-heading\">UNSERE MARKEN<\/div><\/div><\/div><\/div><div class=\"elementor-repeater-item-26a72a1 swiper-slide\" role=\"group\" aria-roledescription=\"slide\"><div class=\"swiper-slide-bg\" role=\"img\" aria-label=\"Csoportke\u0301p - Monovitaminok\"><\/div><div class=\"swiper-slide-inner\" ><div class=\"swiper-slide-contents\"><div class=\"elementor-slide-heading\">UNSERE MARKEN<\/div><\/div><\/div><\/div>\t\t\t\t<\/div>\n\t\t\t\t\t\t\t\t\t\t\t\t\t\t\t<div class=\"elementor-swiper-button elementor-swiper-button-prev\" role=\"button\" tabindex=\"0\" aria-label=\"Vorheriger Slide\">\n\t\t\t\t\t\t\t<i aria-hidden=\"true\" class=\"eicon-chevron-left\"><\/i>\t\t\t\t\t\t<\/div>\n\t\t\t\t\t\t<div class=\"elementor-swiper-button elementor-swiper-button-next\" role=\"button\" tabindex=\"0\" aria-label=\"N\u00e4chster Slide\">\n\t\t\t\t\t\t\t<i aria-hidden=\"true\" class=\"eicon-chevron-right\"><\/i>\t\t\t\t\t\t<\/div>\n\t\t\t\t\t\t\t\t\t\t\t\t\t\t\t\t<div class=\"swiper-pagination\"><\/div>\n\t\t\t\t\t\t\t\t\t\t\t\t<\/div>\n\t\t\t\t<\/div>\n\t\t\t\t\t\t\t\t<\/div>\n\t\t\t\t<\/div>\n\t\t\t\t\t<\/div>\n\t\t<\/div>\n\t\t\t\t\t<\/div>\n\t\t<\/section>\n\t\t\t\t<section class=\"elementor-section elementor-top-section elementor-element elementor-element-963396a elementor-section-boxed elementor-section-height-default elementor-section-height-default\" data-id=\"963396a\" data-element_type=\"section\" data-e-type=\"section\">\n\t\t\t\t\t\t<div class=\"elementor-container elementor-column-gap-default\">\n\t\t\t\t\t<div class=\"elementor-column elementor-col-100 elementor-top-column elementor-element elementor-element-96bf02e\" data-id=\"96bf02e\" data-element_type=\"column\" data-e-type=\"column\">\n\t\t\t<div class=\"elementor-widget-wrap\">\n\t\t\t\t\t\t\t<\/div>\n\t\t<\/div>\n\t\t\t\t\t<\/div>\n\t\t<\/section>\n\t\t\t\t<section class=\"elementor-section elementor-top-section elementor-element elementor-element-44c224a elementor-section-boxed elementor-section-height-default elementor-section-height-default\" data-id=\"44c224a\" data-element_type=\"section\" data-e-type=\"section\">\n\t\t\t\t\t\t<div class=\"elementor-container elementor-column-gap-default\">\n\t\t\t\t\t<div class=\"elementor-column elementor-col-100 elementor-top-column elementor-element elementor-element-1babf2b\" data-id=\"1babf2b\" data-element_type=\"column\" data-e-type=\"column\">\n\t\t\t<div class=\"elementor-widget-wrap elementor-element-populated\">\n\t\t\t\t\t\t<div class=\"elementor-element elementor-element-4dbe8ca elementor-widget__width-initial elementor-widget elementor-widget-text-editor\" data-id=\"4dbe8ca\" data-element_type=\"widget\" data-e-type=\"widget\" data-widget_type=\"text-editor.default\">\n\t\t\t\t<div class=\"elementor-widget-container\">\n\t\t\t\t\t\t\t\t\t<p style=\"text-align: center;\">Wir bieten eine umfangreiche Palette von hochwertigen Nahrungserg\u00e4nzungsmitteln mit Vitaminen, Mineralstoffen und pflanzlichen Extrakten unter unserem Namen an. Unsere Experten haben das Produktsortiment kontinuierlich entwickelt, um die Bed\u00fcrfnisse der Zielkunden zu erf\u00fcllen.<\/p>\n<p style=\"text-align: center;\">Unser sich st\u00e4ndig weiterentwickelndes und erweiterndes Produktportfolio umfasst eine Reihe von hochwertigen Produkten in den Darreichungsformen von Kapseln, Tabletten und Fl\u00fcssigkeiten, die sich f\u00fcr Kinder, \u00e4ltere Menschen oder solche eignen, die Schwierigkeiten beim Schlucken haben. <\/p>\n\t\t\t\t\t\t\t\t<\/div>\n\t\t\t\t<\/div>\n\t\t\t\t<div class=\"elementor-element elementor-element-6c6944a elementor-widget elementor-widget-image\" data-id=\"6c6944a\" data-element_type=\"widget\" data-e-type=\"widget\" data-widget_type=\"image.default\">\n\t\t\t\t<div class=\"elementor-widget-container\">\n\t\t\t\t\t\t\t\t\t\t\t\t\t\t\t<img decoding=\"async\" width=\"150\" height=\"150\" src=\"https:\/\/bioextra.eu\/wp-content\/uploads\/2021\/08\/unnamed-150x150.jpg\" class=\"attachment-thumbnail size-thumbnail wp-image-2494\" alt=\"\" srcset=\"https:\/\/bioextra.eu\/wp-content\/uploads\/2021\/08\/unnamed-150x150.jpg 150w, https:\/\/bioextra.eu\/wp-content\/uploads\/2021\/08\/unnamed-300x300.jpg 300w, https:\/\/bioextra.eu\/wp-content\/uploads\/2021\/08\/unnamed-1024x1024.jpg 1024w, https:\/\/bioextra.eu\/wp-content\/uploads\/2021\/08\/unnamed-768x768.jpg 768w, https:\/\/bioextra.eu\/wp-content\/uploads\/2021\/08\/unnamed-600x600.jpg 600w, https:\/\/bioextra.eu\/wp-content\/uploads\/2021\/08\/unnamed-100x100.jpg 100w, https:\/\/bioextra.eu\/wp-content\/uploads\/2021\/08\/unnamed.jpg 1200w\" sizes=\"(max-width: 150px) 100vw, 150px\" \/>\t\t\t\t\t\t\t\t\t\t\t\t\t\t\t<\/div>\n\t\t\t\t<\/div>\n\t\t\t\t<div class=\"elementor-element elementor-element-e53b8d4 elementor-align-center elementor-widget elementor-widget-button\" data-id=\"e53b8d4\" data-element_type=\"widget\" data-e-type=\"widget\" data-widget_type=\"button.default\">\n\t\t\t\t<div class=\"elementor-widget-container\">\n\t\t\t\t\t\t\t\t\t<div class=\"elementor-button-wrapper\">\n\t\t\t\t\t<a class=\"elementor-button elementor-button-link elementor-size-sm\" href=\"https:\/\/bioextra.eu\/de\/kontaktieren-sie-uns\/\">\n\t\t\t\t\t\t<span class=\"elementor-button-content-wrapper\">\n\t\t\t\t\t\t\t\t\t<span class=\"elementor-button-text\">KONTAKTIEREN SIE UNS<\/span>\n\t\t\t\t\t<\/span>\n\t\t\t\t\t<\/a>\n\t\t\t\t<\/div>\n\t\t\t\t\t\t\t\t<\/div>\n\t\t\t\t<\/div>\n\t\t\t\t<div class=\"elementor-element elementor-element-2065a20 elementor-widget elementor-widget-spacer\" data-id=\"2065a20\" data-element_type=\"widget\" data-e-type=\"widget\" data-widget_type=\"spacer.default\">\n\t\t\t\t<div class=\"elementor-widget-container\">\n\t\t\t\t\t\t\t<div class=\"elementor-spacer\">\n\t\t\t<div class=\"elementor-spacer-inner\"><\/div>\n\t\t<\/div>\n\t\t\t\t\t\t<\/div>\n\t\t\t\t<\/div>\n\t\t\t\t\t<\/div>\n\t\t<\/div>\n\t\t\t\t\t<\/div>\n\t\t<\/section>\n\t\t\t\t<\/div>\n\t\t","protected":false},"excerpt":{"rendered":"<p>UNSERE MARKENUNSERE MARKENUNSERE MARKEN Previous slide Next slide Wir bieten eine umfangreiche Palette von hochwertigen Nahrungserg\u00e4nzungsmitteln mit Vitaminen, Mineralstoffen und pflanzlichen Extrakten unter unserem Namen an. Unsere Experten haben das Produktsortiment kontinuierlich entwickelt, um die Bed\u00fcrfnisse der Zielkunden zu erf\u00fcllen. Unser sich st\u00e4ndig weiterentwickelndes und erweiterndes Produktportfolio umfasst eine Reihe von hochwertigen Produkten in den [&hellip;]<\/p>\n","protected":false},"author":123463,"featured_media":0,"parent":0,"menu_order":0,"comment_status":"closed","ping_status":"open","template":"","meta":{"site-sidebar-layout":"no-sidebar","site-content-layout":"page-builder","ast-site-content-layout":"full-width-container","site-content-style":"unboxed","site-sidebar-style":"unboxed","ast-global-header-display":"","ast-banner-title-visibility":"","ast-main-header-display":"","ast-hfb-above-header-display":"","ast-hfb-below-header-display":"","ast-hfb-mobile-header-display":"","site-post-title":"disabled","ast-breadcrumbs-content":"","ast-featured-img":"disabled","footer-sml-layout":"","ast-disable-related-posts":"","theme-transparent-header-meta":"","adv-header-id-meta":"","stick-header-meta":"","header-above-stick-meta":"","header-main-stick-meta":"","header-below-stick-meta":"","astra-migrate-meta-layouts":"default","ast-page-background-enabled":"default","ast-page-background-meta":{"desktop":{"background-color":"var(--ast-global-color-4)","background-image":"","background-repeat":"repeat","background-position":"center center","background-size":"auto","background-attachment":"scroll","background-type":"","background-media":"","overlay-type":"","overlay-color":"","overlay-opacity":"","overlay-gradient":""},"tablet":{"background-color":"","background-image":"","background-repeat":"repeat","background-position":"center center","background-size":"auto","background-attachment":"scroll","background-type":"","background-media":"","overlay-type":"","overlay-color":"","overlay-opacity":"","overlay-gradient":""},"mobile":{"background-color":"","background-image":"","background-repeat":"repeat","background-position":"center center","background-size":"auto","background-attachment":"scroll","background-type":"","background-media":"","overlay-type":"","overlay-color":"","overlay-opacity":"","overlay-gradient":""}},"ast-content-background-meta":{"desktop":{"background-color":"var(--ast-global-color-5)","background-image":"","background-repeat":"repeat","background-position":"center center","background-size":"auto","background-attachment":"scroll","background-type":"","background-media":"","overlay-type":"","overlay-color":"","overlay-opacity":"","overlay-gradient":""},"tablet":{"background-color":"var(--ast-global-color-5)","background-image":"","background-repeat":"repeat","background-position":"center center","background-size":"auto","background-attachment":"scroll","background-type":"","background-media":"","overlay-type":"","overlay-color":"","overlay-opacity":"","overlay-gradient":""},"mobile":{"background-color":"var(--ast-global-color-5)","background-image":"","background-repeat":"repeat","background-position":"center center","background-size":"auto","background-attachment":"scroll","background-type":"","background-media":"","overlay-type":"","overlay-color":"","overlay-opacity":"","overlay-gradient":""}},"footnotes":""},"class_list":["post-3200","page","type-page","status-publish","hentry"],"yoast_head":"<!-- This site is optimized with the Yoast SEO plugin v27.0 - https:\/\/yoast.com\/product\/yoast-seo-wordpress\/ -->\n<title>Bioextra \u2013 Wir bieten Private-Label-L\u00f6sungen und Vertragsfertigung<\/title>\n<meta name=\"description\" content=\"Wir bieten Private-Label-L\u00f6sungen und  Vertragsfertigung. Bioextra ist Experte in der Entwicklung und Herstellung  von oralen Darreichungsformen, einschlie\u00dflich konventioneller und Kautabletten sowie Kapseln.\" \/>\n<meta name=\"robots\" content=\"index, follow, max-snippet:-1, max-image-preview:large, max-video-preview:-1\" \/>\n<link rel=\"canonical\" href=\"https:\/\/bioextra.eu\/de\/unsere-marken\/\" \/>\n<meta property=\"og:locale\" content=\"de_DE\" \/>\n<meta property=\"og:type\" content=\"article\" \/>\n<meta property=\"og:title\" content=\"Bioextra \u2013 Wir bieten Private-Label-L\u00f6sungen und Vertragsfertigung\" \/>\n<meta property=\"og:description\" content=\"Wir bieten Private-Label-L\u00f6sungen und  Vertragsfertigung. Bioextra ist Experte in der Entwicklung und Herstellung  von oralen Darreichungsformen, einschlie\u00dflich konventioneller und Kautabletten sowie Kapseln.\" \/>\n<meta property=\"og:url\" content=\"https:\/\/bioextra.eu\/de\/unsere-marken\/\" \/>\n<meta property=\"og:site_name\" content=\"Bioextra - Private Label solutions and Contract Manufacturing\" \/>\n<meta property=\"article:modified_time\" content=\"2023-10-03T17:34:46+00:00\" \/>\n<meta property=\"og:image\" content=\"https:\/\/bioextra.eu\/wp-content\/uploads\/2021\/08\/unnamed-150x150.jpg\" \/>\n<meta name=\"twitter:card\" content=\"summary_large_image\" \/>\n<script type=\"application\/ld+json\" class=\"yoast-schema-graph\">{\"@context\":\"https:\/\/schema.org\",\"@graph\":[{\"@type\":\"WebPage\",\"@id\":\"https:\/\/bioextra.eu\/de\/unsere-marken\/\",\"url\":\"https:\/\/bioextra.eu\/de\/unsere-marken\/\",\"name\":\"Bioextra \u2013 Wir bieten Private-Label-L\u00f6sungen und Vertragsfertigung\",\"isPartOf\":{\"@id\":\"https:\/\/bioextra.eu\/de\/#website\"},\"primaryImageOfPage\":{\"@id\":\"https:\/\/bioextra.eu\/de\/unsere-marken\/#primaryimage\"},\"image\":{\"@id\":\"https:\/\/bioextra.eu\/de\/unsere-marken\/#primaryimage\"},\"thumbnailUrl\":\"https:\/\/bioextra.eu\/wp-content\/uploads\/2021\/08\/unnamed-150x150.jpg\",\"datePublished\":\"2023-06-12T16:08:08+00:00\",\"dateModified\":\"2023-10-03T17:34:46+00:00\",\"description\":\"Wir bieten Private-Label-L\u00f6sungen und Vertragsfertigung. Bioextra ist Experte in der Entwicklung und Herstellung von oralen Darreichungsformen, einschlie\u00dflich konventioneller und Kautabletten sowie Kapseln.\",\"breadcrumb\":{\"@id\":\"https:\/\/bioextra.eu\/de\/unsere-marken\/#breadcrumb\"},\"inLanguage\":\"de\",\"potentialAction\":[{\"@type\":\"ReadAction\",\"target\":[\"https:\/\/bioextra.eu\/de\/unsere-marken\/\"]}]},{\"@type\":\"ImageObject\",\"inLanguage\":\"de\",\"@id\":\"https:\/\/bioextra.eu\/de\/unsere-marken\/#primaryimage\",\"url\":\"https:\/\/bioextra.eu\/wp-content\/uploads\/2021\/08\/unnamed-150x150.jpg\",\"contentUrl\":\"https:\/\/bioextra.eu\/wp-content\/uploads\/2021\/08\/unnamed-150x150.jpg\"},{\"@type\":\"BreadcrumbList\",\"@id\":\"https:\/\/bioextra.eu\/de\/unsere-marken\/#breadcrumb\",\"itemListElement\":[{\"@type\":\"ListItem\",\"position\":1,\"name\":\"Home\",\"item\":\"https:\/\/bioextra.eu\/de\/\"},{\"@type\":\"ListItem\",\"position\":2,\"name\":\"Unsere Marken\"}]},{\"@type\":\"WebSite\",\"@id\":\"https:\/\/bioextra.eu\/de\/#website\",\"url\":\"https:\/\/bioextra.eu\/de\/\",\"name\":\"Bioextra - We provide Private Label solutions and Contract Manufacturing\",\"description\":\"\",\"publisher\":{\"@id\":\"https:\/\/bioextra.eu\/de\/#organization\"},\"potentialAction\":[{\"@type\":\"SearchAction\",\"target\":{\"@type\":\"EntryPoint\",\"urlTemplate\":\"https:\/\/bioextra.eu\/de\/?s={search_term_string}\"},\"query-input\":{\"@type\":\"PropertyValueSpecification\",\"valueRequired\":true,\"valueName\":\"search_term_string\"}}],\"inLanguage\":\"de\"},{\"@type\":\"Organization\",\"@id\":\"https:\/\/bioextra.eu\/de\/#organization\",\"name\":\"Bioextra - We provide Private Label solutions and Contract Manufacturing\",\"url\":\"https:\/\/bioextra.eu\/de\/\",\"logo\":{\"@type\":\"ImageObject\",\"inLanguage\":\"de\",\"@id\":\"https:\/\/bioextra.eu\/de\/#\/schema\/logo\/image\/\",\"url\":\"https:\/\/bioextra.eu\/wp-content\/uploads\/2023\/02\/bioextra_logo.png\",\"contentUrl\":\"https:\/\/bioextra.eu\/wp-content\/uploads\/2023\/02\/bioextra_logo.png\",\"width\":430,\"height\":420,\"caption\":\"Bioextra - We provide Private Label solutions and Contract Manufacturing\"},\"image\":{\"@id\":\"https:\/\/bioextra.eu\/de\/#\/schema\/logo\/image\/\"}}]}<\/script>\n<!-- \/ Yoast SEO plugin. -->","yoast_head_json":{"title":"Bioextra \u2013 Wir bieten Private-Label-L\u00f6sungen und Vertragsfertigung","description":"Wir bieten Private-Label-L\u00f6sungen und  Vertragsfertigung. Bioextra ist Experte in der Entwicklung und Herstellung  von oralen Darreichungsformen, einschlie\u00dflich konventioneller und Kautabletten sowie Kapseln.","robots":{"index":"index","follow":"follow","max-snippet":"max-snippet:-1","max-image-preview":"max-image-preview:large","max-video-preview":"max-video-preview:-1"},"canonical":"https:\/\/bioextra.eu\/de\/unsere-marken\/","og_locale":"de_DE","og_type":"article","og_title":"Bioextra \u2013 Wir bieten Private-Label-L\u00f6sungen und Vertragsfertigung","og_description":"Wir bieten Private-Label-L\u00f6sungen und  Vertragsfertigung. Bioextra ist Experte in der Entwicklung und Herstellung  von oralen Darreichungsformen, einschlie\u00dflich konventioneller und Kautabletten sowie Kapseln.","og_url":"https:\/\/bioextra.eu\/de\/unsere-marken\/","og_site_name":"Bioextra - Private Label solutions and Contract Manufacturing","article_modified_time":"2023-10-03T17:34:46+00:00","og_image":[{"url":"https:\/\/bioextra.eu\/wp-content\/uploads\/2021\/08\/unnamed-150x150.jpg","type":"","width":"","height":""}],"twitter_card":"summary_large_image","schema":{"@context":"https:\/\/schema.org","@graph":[{"@type":"WebPage","@id":"https:\/\/bioextra.eu\/de\/unsere-marken\/","url":"https:\/\/bioextra.eu\/de\/unsere-marken\/","name":"Bioextra \u2013 Wir bieten Private-Label-L\u00f6sungen und Vertragsfertigung","isPartOf":{"@id":"https:\/\/bioextra.eu\/de\/#website"},"primaryImageOfPage":{"@id":"https:\/\/bioextra.eu\/de\/unsere-marken\/#primaryimage"},"image":{"@id":"https:\/\/bioextra.eu\/de\/unsere-marken\/#primaryimage"},"thumbnailUrl":"https:\/\/bioextra.eu\/wp-content\/uploads\/2021\/08\/unnamed-150x150.jpg","datePublished":"2023-06-12T16:08:08+00:00","dateModified":"2023-10-03T17:34:46+00:00","description":"Wir bieten Private-Label-L\u00f6sungen und Vertragsfertigung. Bioextra ist Experte in der Entwicklung und Herstellung von oralen Darreichungsformen, einschlie\u00dflich konventioneller und Kautabletten sowie Kapseln.","breadcrumb":{"@id":"https:\/\/bioextra.eu\/de\/unsere-marken\/#breadcrumb"},"inLanguage":"de","potentialAction":[{"@type":"ReadAction","target":["https:\/\/bioextra.eu\/de\/unsere-marken\/"]}]},{"@type":"ImageObject","inLanguage":"de","@id":"https:\/\/bioextra.eu\/de\/unsere-marken\/#primaryimage","url":"https:\/\/bioextra.eu\/wp-content\/uploads\/2021\/08\/unnamed-150x150.jpg","contentUrl":"https:\/\/bioextra.eu\/wp-content\/uploads\/2021\/08\/unnamed-150x150.jpg"},{"@type":"BreadcrumbList","@id":"https:\/\/bioextra.eu\/de\/unsere-marken\/#breadcrumb","itemListElement":[{"@type":"ListItem","position":1,"name":"Home","item":"https:\/\/bioextra.eu\/de\/"},{"@type":"ListItem","position":2,"name":"Unsere Marken"}]},{"@type":"WebSite","@id":"https:\/\/bioextra.eu\/de\/#website","url":"https:\/\/bioextra.eu\/de\/","name":"Bioextra - We provide Private Label solutions and Contract Manufacturing","description":"","publisher":{"@id":"https:\/\/bioextra.eu\/de\/#organization"},"potentialAction":[{"@type":"SearchAction","target":{"@type":"EntryPoint","urlTemplate":"https:\/\/bioextra.eu\/de\/?s={search_term_string}"},"query-input":{"@type":"PropertyValueSpecification","valueRequired":true,"valueName":"search_term_string"}}],"inLanguage":"de"},{"@type":"Organization","@id":"https:\/\/bioextra.eu\/de\/#organization","name":"Bioextra - We provide Private Label solutions and Contract Manufacturing","url":"https:\/\/bioextra.eu\/de\/","logo":{"@type":"ImageObject","inLanguage":"de","@id":"https:\/\/bioextra.eu\/de\/#\/schema\/logo\/image\/","url":"https:\/\/bioextra.eu\/wp-content\/uploads\/2023\/02\/bioextra_logo.png","contentUrl":"https:\/\/bioextra.eu\/wp-content\/uploads\/2023\/02\/bioextra_logo.png","width":430,"height":420,"caption":"Bioextra - We provide Private Label solutions and Contract Manufacturing"},"image":{"@id":"https:\/\/bioextra.eu\/de\/#\/schema\/logo\/image\/"}}]}},"_links":{"self":[{"href":"https:\/\/bioextra.eu\/de\/wp-json\/wp\/v2\/pages\/3200","targetHints":{"allow":["GET"]}}],"collection":[{"href":"https:\/\/bioextra.eu\/de\/wp-json\/wp\/v2\/pages"}],"about":[{"href":"https:\/\/bioextra.eu\/de\/wp-json\/wp\/v2\/types\/page"}],"author":[{"embeddable":true,"href":"https:\/\/bioextra.eu\/de\/wp-json\/wp\/v2\/users\/123463"}],"replies":[{"embeddable":true,"href":"https:\/\/bioextra.eu\/de\/wp-json\/wp\/v2\/comments?post=3200"}],"version-history":[{"count":7,"href":"https:\/\/bioextra.eu\/de\/wp-json\/wp\/v2\/pages\/3200\/revisions"}],"predecessor-version":[{"id":4232,"href":"https:\/\/bioextra.eu\/de\/wp-json\/wp\/v2\/pages\/3200\/revisions\/4232"}],"wp:attachment":[{"href":"https:\/\/bioextra.eu\/de\/wp-json\/wp\/v2\/media?parent=3200"}],"curies":[{"name":"wp","href":"https:\/\/api.w.org\/{rel}","templated":true}]}}